{"id":437,"date":"2023-03-30T14:07:53","date_gmt":"2023-03-30T14:07:53","guid":{"rendered":"https:\/\/dse-emballage.fr\/?page_id=437"},"modified":"2023-10-09T13:25:17","modified_gmt":"2023-10-09T13:25:17","slug":"scotcheuse-2","status":"publish","type":"page","link":"https:\/\/dse-emballage.fr\/?page_id=437","title":{"rendered":"SCOTCHEUSE"},"content":{"rendered":"<p>[et_pb_section fb_built=\u00a0\u00bb1&Prime; _builder_version=\u00a0\u00bb4.3.4&Prime;][et_pb_row _builder_version=\u00a0\u00bb4.3.4&Prime;][et_pb_column type=\u00a0\u00bb4_4&Prime; _builder_version=\u00a0\u00bb4.3.4&Prime;][et_pb_text _builder_version=\u00a0\u00bb4.3.4&Prime; header_text_color=\u00a0\u00bb#ffffff\u00a0\u00bb background_color=\u00a0\u00bb#000000&Prime; custom_padding=\u00a0\u00bb8px|||10px|false|false\u00a0\u00bb hover_enabled=\u00a0\u00bb0&Prime;]<\/p>\n<h1><strong>SCOTCHEUSES<\/strong><\/h1>\n<p>[\/et_pb_text][\/et_pb_column][\/et_pb_row][et_pb_row column_structure=\u00a0\u00bb2_5,3_5&Prime; _builder_version=\u00a0\u00bb4.3.4&Prime;][et_pb_column type=\u00a0\u00bb2_5&Prime; _builder_version=\u00a0\u00bb4.3.4&Prime;][et_pb_image src=\u00a0\u00bbhttps:\/\/dse-emballage.fr\/wp-content\/uploads\/2023\/03\/SOCO-T10-V1-262&#215;300.jpg\u00a0\u00bb _builder_version=\u00a0\u00bb4.3.4&Prime;][\/et_pb_image][et_pb_button button_url=\u00a0\u00bb@ET-DC@eyJkeW5hbWljIjp0cnVlLCJjb250ZW50IjoicG9zdF9saW5rX3VybF9wYWdlIiwic2V0dGluZ3MiOnsicG9zdF9pZCI6IjYzIn19@\u00a0\u00bb button_text=\u00a0\u00bbDemander un devis\u00a0\u00bb _builder_version=\u00a0\u00bb4.3.4&Prime; _dynamic_attributes=\u00a0\u00bbbutton_url\u00a0\u00bb custom_button=\u00a0\u00bbon\u00a0\u00bb button_text_size=\u00a0\u00bb15px\u00a0\u00bb button_text_color=\u00a0\u00bb#ffffff\u00a0\u00bb hover_enabled=\u00a0\u00bb0&Prime; button_bg_color=\u00a0\u00bb#f25b3a\u00a0\u00bb button_bg_enable_color=\u00a0\u00bbon\u00a0\u00bb][\/et_pb_button][\/et_pb_column][et_pb_column type=\u00a0\u00bb3_5&Prime; _builder_version=\u00a0\u00bb4.3.4&Prime;][et_pb_text _builder_version=\u00a0\u00bb4.3.4&Prime; custom_padding=\u00a0\u00bb||0px|||\u00a0\u00bb]<\/p>\n<h3><strong>SCOTCHEUSE T10<\/strong><\/h3>\n<p>Scotcheuse automatique tr\u00e8s robuste, con\u00e7ue pour une utilisation soutenue. Elle permet de fermer toutes tailles de cartons par une fermeture sup\u00e9rieure et inf\u00e9rieure par adh\u00e9sif.<\/p>\n<p><span style=\"text-decoration: underline;\">CARACTERISTIQUES TECHNIQUES<\/span> :<br \/> &#8211; Largeur de l&rsquo;adh\u00e9sif 38-75<br \/> &#8211; Diam\u00e8tre de l&rsquo;adh\u00e9sif max. 385 mm<br \/> &#8211; Hauteur lisses de guidage 50-80 mm<br \/> &#8211; Hauteur de travail 620-720<br \/> &#8211; Poids 165-170 kg<br \/> &#8211; Capacit\u00e9 max. 30\/min<\/p>\n<p><span style=\"text-decoration: underline;\">LES + PRODUITS<\/span> :<br \/> &#8211; S&rsquo;int\u00e8gre \u00e0 l&rsquo;industrie alimentaire<br \/> &#8211; Remplacement facile du d\u00e9rouleur et de l&rsquo;adh\u00e9sif<br \/> &#8211; Ultra robuste<br \/> &#8211; Entretien facile<\/p>\n<p>[\/et_pb_text][\/et_pb_column][\/et_pb_row][et_pb_row _builder_version=\u00a0\u00bb4.3.4&Prime;][et_pb_column type=\u00a0\u00bb4_4&Prime; _builder_version=\u00a0\u00bb4.3.4&Prime;][et_pb_divider _builder_version=\u00a0\u00bb4.3.4&Prime;][\/et_pb_divider][\/et_pb_column][\/et_pb_row][et_pb_row column_structure=\u00a0\u00bb2_5,3_5&Prime; _builder_version=\u00a0\u00bb4.3.4&Prime;][et_pb_column type=\u00a0\u00bb2_5&Prime; _builder_version=\u00a0\u00bb4.3.4&Prime;][et_pb_image src=\u00a0\u00bbhttps:\/\/dse-emballage.fr\/wp-content\/uploads\/2023\/03\/SOCO-T55-V1-251&#215;300.jpg\u00a0\u00bb _builder_version=\u00a0\u00bb4.3.4&Prime;][\/et_pb_image][et_pb_button button_url=\u00a0\u00bb@ET-DC@eyJkeW5hbWljIjp0cnVlLCJjb250ZW50IjoicG9zdF9saW5rX3VybF9wYWdlIiwic2V0dGluZ3MiOnsicG9zdF9pZCI6IjYzIn19@\u00a0\u00bb button_text=\u00a0\u00bbDemander un devis\u00a0\u00bb _builder_version=\u00a0\u00bb4.3.4&Prime; _dynamic_attributes=\u00a0\u00bbbutton_url\u00a0\u00bb custom_button=\u00a0\u00bbon\u00a0\u00bb button_text_size=\u00a0\u00bb15px\u00a0\u00bb button_text_color=\u00a0\u00bb#ffffff\u00a0\u00bb hover_enabled=\u00a0\u00bb0&Prime; button_bg_color=\u00a0\u00bb#f25b3a\u00a0\u00bb button_bg_enable_color=\u00a0\u00bbon\u00a0\u00bb][\/et_pb_button][\/et_pb_column][et_pb_column type=\u00a0\u00bb3_5&Prime; _builder_version=\u00a0\u00bb4.3.4&Prime;][et_pb_text _builder_version=\u00a0\u00bb4.3.4&Prime;]<\/p>\n<h3><strong>SCOTCHEUSE T55<\/strong><\/h3>\n<div itemprop=\"description\" class=\"shortDescription\">\n<p>Scotcheuse id\u00e9ale dans les lignes de remplissage, comme les services d&rsquo;exp\u00e9dition des entrep\u00f4ts.<\/p>\n<p><span style=\"text-decoration: underline;\">\u00a0CARACTERISTIQUES TECHNIQUES<\/span> :<br \/> &#8211; Largeur de l&rsquo;adh\u00e9sif 38-75<br \/> &#8211; Diam\u00e8tre de l&rsquo;adh\u00e9sif max. 385 mm<br \/> &#8211; Hauteur lisses de guidage 50-80 mm<br \/> &#8211; Hauteur de travail 620-720<br \/> &#8211; Poids 165-175 kg<br \/> &#8211; Capacit\u00e9 max. 16\/min<\/p>\n<p><span style=\"text-decoration: underline;\">LES + PRODUITS<\/span> :<br \/> &#8211; Fermeture sup\u00e9rieure et inf\u00e9rieure par adh\u00e9sif<br \/> &#8211; R\u00e9glage automatique de la hauteur et de la largeur<br \/> &#8211; Remplacement facile du d\u00e9rouleur et de l&rsquo;adh\u00e9sif<br \/> &#8211; Entretien facile<br \/> &#8211; Finition acier \u00e9letro-galvanis\u00e9 ou inoxydable<\/p>\n<\/div>\n<p>[\/et_pb_text][\/et_pb_column][\/et_pb_row][et_pb_row _builder_version=\u00a0\u00bb4.3.4&Prime;][et_pb_column type=\u00a0\u00bb4_4&Prime; _builder_version=\u00a0\u00bb4.3.4&Prime;][et_pb_divider _builder_version=\u00a0\u00bb4.3.4&Prime;][\/et_pb_divider][\/et_pb_column][\/et_pb_row][et_pb_row column_structure=\u00a0\u00bb2_5,3_5&Prime; _builder_version=\u00a0\u00bb4.3.4&Prime;][et_pb_column type=\u00a0\u00bb2_5&Prime; _builder_version=\u00a0\u00bb4.3.4&Prime;][et_pb_image src=\u00a0\u00bbhttps:\/\/dse-emballage.fr\/wp-content\/uploads\/2023\/03\/SOCO-T602-V1-300&#215;234.jpg\u00a0\u00bb _builder_version=\u00a0\u00bb4.3.4&Prime;][\/et_pb_image][et_pb_button button_url=\u00a0\u00bb@ET-DC@eyJkeW5hbWljIjp0cnVlLCJjb250ZW50IjoicG9zdF9saW5rX3VybF9wYWdlIiwic2V0dGluZ3MiOnsicG9zdF9pZCI6IjYzIn19@\u00a0\u00bb button_text=\u00a0\u00bbDemander un devis\u00a0\u00bb _builder_version=\u00a0\u00bb4.3.4&Prime; _dynamic_attributes=\u00a0\u00bbbutton_url\u00a0\u00bb custom_button=\u00a0\u00bbon\u00a0\u00bb button_text_size=\u00a0\u00bb15px\u00a0\u00bb button_text_color=\u00a0\u00bb#ffffff\u00a0\u00bb hover_enabled=\u00a0\u00bb0&Prime; button_bg_color=\u00a0\u00bb#f25b3a\u00a0\u00bb button_bg_enable_color=\u00a0\u00bbon\u00a0\u00bb][\/et_pb_button][\/et_pb_column][et_pb_column type=\u00a0\u00bb3_5&Prime; _builder_version=\u00a0\u00bb4.3.4&Prime;][et_pb_text _builder_version=\u00a0\u00bb4.3.4&Prime;]<\/p>\n<h3><strong>SCOTCHEUSE T602<\/strong><\/h3>\n<p>Compacte et id\u00e9ale pour les flux qui impliquent des caisses de dimensions variables.<\/p>\n<p><span style=\"text-decoration: underline;\">CARACTERISTIQUES TECHNIQUES<\/span> :<br \/> &#8211; Largeur de l&rsquo;adh\u00e9sif 38-50<br \/> &#8211; Diam\u00e8tre de l&rsquo;adh\u00e9sif max. 385 mm<br \/> &#8211; Hauteur lisses de guidage 50-80 mm<br \/> &#8211; Hauteur de travail 720-820<br \/> &#8211; Poids 220 kg<br \/> &#8211; Capacit\u00e9 max. 8\/min<\/p>\n<p><span style=\"text-decoration: underline;\">LES + PRODUITS<\/span> :<br \/> &#8211; Fermeture sup\u00e9rieure et inf\u00e9rieure par adh\u00e9sif<br \/> &#8211; Adaptable \u00e0 la taille du carton et fermeture automatique des rabats<br \/> &#8211; R\u00e9glage automatique de la hauteur et de la largeur<br \/> &#8211; Remplacement facile du d\u00e9rouleur et de l&rsquo;adh\u00e9sif<br \/> &#8211; Entretien facile<br \/> &#8211; Finition acier \u00e9letro-galvanis\u00e9\u00a0<\/p>\n<p>[\/et_pb_text][\/et_pb_column][\/et_pb_row][et_pb_row _builder_version=\u00a0\u00bb4.3.4&Prime;][et_pb_column type=\u00a0\u00bb4_4&Prime; _builder_version=\u00a0\u00bb4.3.4&Prime;][et_pb_divider _builder_version=\u00a0\u00bb4.3.4&Prime;][\/et_pb_divider][\/et_pb_column][\/et_pb_row][\/et_pb_section]<\/p>\n","protected":false},"excerpt":{"rendered":"<p>[et_pb_section fb_built=\u00a0\u00bb1&Prime; _builder_version=\u00a0\u00bb4.3.4&Prime;][et_pb_row _builder_version=\u00a0\u00bb4.3.4&Prime;][et_pb_column type=\u00a0\u00bb4_4&Prime; _builder_version=\u00a0\u00bb4.3.4&Prime;][et_pb_text _builder_version=\u00a0\u00bb4.3.4&Prime; header_text_color=\u00a0\u00bb#ffffff\u00a0\u00bb background_color=\u00a0\u00bb#000000&Prime; custom_padding=\u00a0\u00bb8px|||10px|false|false\u00a0\u00bb hover_enabled=\u00a0\u00bb0&Prime;] SCOTCHEUSES [\/et_pb_text][\/et_pb_column][\/et_pb_row][et_pb_row column_structure=\u00a0\u00bb2_5,3_5&Prime; _builder_version=\u00a0\u00bb4.3.4&Prime;][et_pb_column type=\u00a0\u00bb2_5&Prime; _builder_version=\u00a0\u00bb4.3.4&Prime;][et_pb_image src=\u00a0\u00bbhttps:\/\/dse-emballage.fr\/wp-content\/uploads\/2023\/03\/SOCO-T10-V1-262&#215;300.jpg\u00a0\u00bb _builder_version=\u00a0\u00bb4.3.4&Prime;][\/et_pb_image][et_pb_button button_url=\u00a0\u00bb@ET-DC@eyJkeW5hbWljIjp0cnVlLCJjb250ZW50IjoicG9zdF9saW5rX3VybF9wYWdlIiwic2V0dGluZ3MiOnsicG9zdF9pZCI6IjYzIn19@\u00a0\u00bb button_text=\u00a0\u00bbDemander un devis\u00a0\u00bb _builder_version=\u00a0\u00bb4.3.4&Prime; _dynamic_attributes=\u00a0\u00bbbutton_url\u00a0\u00bb custom_button=\u00a0\u00bbon\u00a0\u00bb button_text_size=\u00a0\u00bb15px\u00a0\u00bb button_text_color=\u00a0\u00bb#ffffff\u00a0\u00bb hover_enabled=\u00a0\u00bb0&Prime; button_bg_color=\u00a0\u00bb#f25b3a\u00a0\u00bb button_bg_enable_color=\u00a0\u00bbon\u00a0\u00bb][\/et_pb_button][\/et_pb_column][et_pb_column type=\u00a0\u00bb3_5&Prime; _builder_version=\u00a0\u00bb4.3.4&Prime;][et_pb_text _builder_version=\u00a0\u00bb4.3.4&Prime; custom_padding=\u00a0\u00bb||0px|||\u00a0\u00bb] SCOTCHEUSE T10 Scotcheuse automatique tr\u00e8s robuste, con\u00e7ue pour une utilisation soutenue. Elle permet de fermer toutes tailles de cartons par [&hellip;]<\/p>\n","protected":false},"author":1,"featured_media":0,"parent":0,"menu_order":0,"comment_status":"closed","ping_status":"closed","template":"","meta":{"_et_pb_use_builder":"on","_et_pb_old_content":"","_et_gb_content_width":"","footnotes":""},"_links":{"self":[{"href":"https:\/\/dse-emballage.fr\/index.php?rest_route=\/wp\/v2\/pages\/437"}],"collection":[{"href":"https:\/\/dse-emballage.fr\/index.php?rest_route=\/wp\/v2\/pages"}],"about":[{"href":"https:\/\/dse-emballage.fr\/index.php?rest_route=\/wp\/v2\/types\/page"}],"author":[{"embeddable":true,"href":"https:\/\/dse-emballage.fr\/index.php?rest_route=\/wp\/v2\/users\/1"}],"replies":[{"embeddable":true,"href":"https:\/\/dse-emballage.fr\/index.php?rest_route=%2Fwp%2Fv2%2Fcomments&post=437"}],"version-history":[{"count":11,"href":"https:\/\/dse-emballage.fr\/index.php?rest_route=\/wp\/v2\/pages\/437\/revisions"}],"predecessor-version":[{"id":553,"href":"https:\/\/dse-emballage.fr\/index.php?rest_route=\/wp\/v2\/pages\/437\/revisions\/553"}],"wp:attachment":[{"href":"https:\/\/dse-emballage.fr\/index.php?rest_route=%2Fwp%2Fv2%2Fmedia&parent=437"}],"curies":[{"name":"wp","href":"https:\/\/api.w.org\/{rel}","templated":true}]}}