{"id":359,"date":"2023-02-27T10:37:59","date_gmt":"2023-02-27T10:37:59","guid":{"rendered":"https:\/\/dse-emballage.fr\/?page_id=359"},"modified":"2023-10-09T13:23:20","modified_gmt":"2023-10-09T13:23:20","slug":"mise-sous-film","status":"publish","type":"page","link":"https:\/\/dse-emballage.fr\/?page_id=359","title":{"rendered":"MISE SOUS FILM"},"content":{"rendered":"<p>[et_pb_section fb_built=\u00a0\u00bb1&Prime; _builder_version=\u00a0\u00bb4.3.4&Prime;][et_pb_row _builder_version=\u00a0\u00bb4.3.4&Prime;][et_pb_column type=\u00a0\u00bb4_4&Prime; _builder_version=\u00a0\u00bb4.3.4&Prime;][et_pb_text _builder_version=\u00a0\u00bb4.3.4&Prime; header_text_color=\u00a0\u00bb#ffffff\u00a0\u00bb background_color=\u00a0\u00bb#000000&Prime; custom_padding=\u00a0\u00bb8px|||10px|false|false\u00a0\u00bb hover_enabled=\u00a0\u00bb0&Prime;]<\/p>\n<h1><strong>MISE SOUS FILM \/ FILMEUSES<\/strong><\/h1>\n<p>[\/et_pb_text][\/et_pb_column][\/et_pb_row][et_pb_row column_structure=\u00a0\u00bb2_5,3_5&Prime; _builder_version=\u00a0\u00bb4.3.4&Prime; custom_padding=\u00a0\u00bb||27px|||\u00a0\u00bb][et_pb_column type=\u00a0\u00bb2_5&Prime; _builder_version=\u00a0\u00bb4.3.4&Prime;][et_pb_image src=\u00a0\u00bbhttps:\/\/dse-emballage.fr\/wp-content\/uploads\/2023\/03\/22-1603968906.jpg\u00a0\u00bb _builder_version=\u00a0\u00bb4.3.4&Prime; custom_margin=\u00a0\u00bb||1px|||\u00a0\u00bb custom_padding=\u00a0\u00bb||84px|||\u00a0\u00bb][\/et_pb_image][et_pb_button button_url=\u00a0\u00bb@ET-DC@eyJkeW5hbWljIjp0cnVlLCJjb250ZW50IjoicG9zdF9saW5rX3VybF9wYWdlIiwic2V0dGluZ3MiOnsicG9zdF9pZCI6IjYzIn19@\u00a0\u00bb button_text=\u00a0\u00bbDemander un devis\u00a0\u00bb _builder_version=\u00a0\u00bb4.3.4&Prime; _dynamic_attributes=\u00a0\u00bbbutton_url\u00a0\u00bb custom_button=\u00a0\u00bbon\u00a0\u00bb button_text_size=\u00a0\u00bb15px\u00a0\u00bb button_text_color=\u00a0\u00bb#ffffff\u00a0\u00bb hover_enabled=\u00a0\u00bb0&Prime; button_bg_color=\u00a0\u00bb#f25b3a\u00a0\u00bb button_bg_enable_color=\u00a0\u00bbon\u00a0\u00bb][\/et_pb_button][\/et_pb_column][et_pb_column type=\u00a0\u00bb3_5&Prime; _builder_version=\u00a0\u00bb4.3.4&Prime;][et_pb_text _builder_version=\u00a0\u00bb4.3.4&Prime;]<\/p>\n<h3><strong>Filmeuse semi-automatique DEM 4e<\/strong><\/h3>\n<p>Filmeuse compacte semi-automatique avec tunnel int\u00e9gr\u00e9 permettant d&#8217;emballer tous types de produits.<\/p>\n<p>Le produit est introduit et positionn\u00e9 par l&rsquo;op\u00e9rateur, le bras de soudure \u00e9lectronique fait une coupe en forme de \u00ab\u00a0L\u00a0\u00bb, puis le convoyeur \u00e9vacue le produit vers le tunnel de r\u00e9traction.<\/p>\n<p><u>DESCRIPTIF DE LA MACHINE DE BASE<\/u> :<br \/> &#8211; Barre de soudure actionn\u00e9e par un moteur \u00e9lectrique<br \/> &#8211; En mode automatique, abaissement de la barre de soudure par temps de cycle pr\u00e9d\u00e9fini<br \/> &#8211; En mode libre, abaissement de la barre de soudure d\u00e9clench\u00e9 par un bouton<br \/> &#8211; Capteur permettant la d\u00e9tection d&rsquo;obstacle et l&rsquo;arr\u00eat automatique du cycle pour plus de s\u00e9curit\u00e9 des op\u00e9rateurs et produits<br \/> &#8211; Puissance de ventilation du tunnel r\u00e9glable pour optimiser la r\u00e9traction<br \/> &#8211; Vitesse r\u00e9glable du convoyeur du tunnel<br \/> &#8211; R\u00e9glage de la chaleur avec contr\u00f4le num\u00e9rique PID<br \/> &#8211; Circulation d&rsquo;air r\u00e9glable par poign\u00e9es lat\u00e9rales \u00e0 rabat<br \/> &#8211; Arr\u00eat diff\u00e9r\u00e9 sur temp\u00e9rature de consigne \u00e0 70\u00b0<br \/> &#8211; Syst\u00e8me de contr\u00f4le de surchauffe du tunnel avec arr\u00eat automatique<br \/> &#8211; Hauteur du convoyeur ajustable selon hauteur variable des produits<br \/> &#8211; Hauteur de sortie produit fixe quel que soit le r\u00e9glage<br \/> &#8211; Temps de soudure ajustable selon l&rsquo;\u00e9paisseur du film<br \/> &#8211; Panneau de commande num\u00e9rique permettant d&rsquo;ajuster le param\u00e8tres de temp\u00e9rature, de temps et de vitesse<\/p>\n<p><u>LES + DU PRODUIT<\/u> :<br \/> &#8211; Bac \u00e0 chute amovible<br \/> &#8211; Construction m\u00e9cano soud\u00e9e sur un seul ch\u00e2ssis pour un espace optimis\u00e9<br \/> &#8211; Syst\u00e8me de soudure par lame chauffante unique<br \/> &#8211; Maintien de la temp\u00e9rature constante du fil permettant d&rsquo;augmenter la qualit\u00e9 de soudure, la pr\u00e9cision du processus et la dur\u00e9e de vie<br \/> &#8211; Machine sur 4 roulettes pivotantes avec frein<br \/> &#8211; Convoyeur \u00e0 rouleaux longueur 500mm avec but\u00e9e amovible<br \/> &#8211; Ouverture compl\u00e8te pour acc\u00e8s au coffret \u00e9lectrique<\/p>\n<p>[\/et_pb_text][\/et_pb_column][\/et_pb_row][et_pb_row _builder_version=\u00a0\u00bb4.3.4&Prime;][et_pb_column type=\u00a0\u00bb4_4&Prime; _builder_version=\u00a0\u00bb4.3.4&Prime;][et_pb_divider _builder_version=\u00a0\u00bb4.3.4&Prime;][\/et_pb_divider][\/et_pb_column][\/et_pb_row][et_pb_row column_structure=\u00a0\u00bb2_5,3_5&Prime; _builder_version=\u00a0\u00bb4.3.4&Prime;][et_pb_column type=\u00a0\u00bb2_5&Prime; _builder_version=\u00a0\u00bb4.3.4&Prime;][et_pb_image src=\u00a0\u00bbhttps:\/\/dse-emballage.fr\/wp-content\/uploads\/2023\/03\/impack_pro_40-9-1581321511.png\u00a0\u00bb _builder_version=\u00a0\u00bb4.3.4&Prime;][\/et_pb_image][et_pb_button button_url=\u00a0\u00bb@ET-DC@eyJkeW5hbWljIjp0cnVlLCJjb250ZW50IjoicG9zdF9saW5rX3VybF9wYWdlIiwic2V0dGluZ3MiOnsicG9zdF9pZCI6IjYzIn19@\u00a0\u00bb button_text=\u00a0\u00bbDemander un devis\u00a0\u00bb _builder_version=\u00a0\u00bb4.3.4&Prime; _dynamic_attributes=\u00a0\u00bbbutton_url\u00a0\u00bb custom_button=\u00a0\u00bbon\u00a0\u00bb button_text_size=\u00a0\u00bb15px\u00a0\u00bb button_text_color=\u00a0\u00bb#ffffff\u00a0\u00bb hover_enabled=\u00a0\u00bb0&Prime; button_bg_color=\u00a0\u00bb#f25b3a\u00a0\u00bb button_bg_enable_color=\u00a0\u00bbon\u00a0\u00bb button_border_color=\u00a0\u00bbrgba(0,0,0,0)\u00a0\u00bb][\/et_pb_button][\/et_pb_column][et_pb_column type=\u00a0\u00bb3_5&Prime; _builder_version=\u00a0\u00bb4.3.4&Prime;][et_pb_text _builder_version=\u00a0\u00bb4.3.4&Prime;]<\/p>\n<h3><strong>Filmeuse automatique\u00a0<\/strong><\/h3>\n<p>Filmeuse automatique horizontale de mise sous film, soudure longitudinale en continu et gestion du transfert des produits par 2 tapis.<\/p>\n<p>D\u00e9pose manuelle ou automatique des produits \u00e0 emballer dont leur dimension est d\u00e9tect\u00e9e par un cellule. Positionnement du film ajustable par un conformateur.<\/p>\n<p>Soudure du film autour du produit sur trois cot\u00e9s gr\u00e2ce \u00e0 un syst\u00e8me de soudure coupe en continu par couteau chauffant et par une m\u00e2choire fixe de soudure coupe transversale.<\/p>\n<p><u>CARACTERISTIQUES TECHNIQUES<\/u> :<br \/> &#8211; Centrage soudure longitudinale et transversale<\/p>\n<div id=\"texte_caracteristiques\" class=\"wow bounceInUp\">\n<p align=\"left\">&#8211; Pression r\u00e9glable de la coupe et de la soudure<br \/> &#8211; Temp\u00e9rature de soudure contr\u00f4l\u00e9e par PID<br \/> &#8211; Lame de soudure pour divers mat\u00e9riaux d&#8217;emballage<br \/> &#8211; D\u00e9tection de la position du produit sous la barre de soudure par capteur<br \/> &#8211; Programme m\u00e9morisable, identification alpha num\u00e9rique<br \/> &#8211; Soudure verticale \u00e0 servomoteur, mouvement \u00e9lectrique<br \/> &#8211; D\u00e9tection automatique de la longueur des produits<br \/> &#8211; Panneau op\u00e9rateur tactile couleur<br \/> &#8211; Entra\u00eenement automatique du film avec contr\u00f4le de la tension<br \/> &#8211; Enrouleur automatique avec r\u00e9glage de la tension et d\u00e9tection casse et fin de film<br \/> &#8211; Convoyeur \u00e0 vitesse r\u00e9glable<br \/> &#8211; Fabrication ISO 9001<br \/> &#8211; Certifications CE, conformes aux derni\u00e8res directives CE<\/p>\n<p align=\"left\"><u>LES + DU PRODUIT<\/u> :<u><br \/> <\/u>&#8211;\u00a0Con\u00e7ue pour des productions \u00e0 haute cadence<br \/> &#8211; Design compact et esth\u00e9tique<\/p>\n<\/div>\n<p>[\/et_pb_text][\/et_pb_column][\/et_pb_row][et_pb_row _builder_version=\u00a0\u00bb4.3.4&Prime;][et_pb_column type=\u00a0\u00bb4_4&Prime; _builder_version=\u00a0\u00bb4.3.4&Prime;][et_pb_divider _builder_version=\u00a0\u00bb4.3.4&Prime;][\/et_pb_divider][\/et_pb_column][\/et_pb_row][et_pb_row column_structure=\u00a0\u00bb2_5,3_5&Prime; _builder_version=\u00a0\u00bb4.3.4&Prime; custom_margin=\u00a0\u00bb|410px||auto||\u00a0\u00bb][et_pb_column type=\u00a0\u00bb2_5&Prime; _builder_version=\u00a0\u00bb4.3.4&Prime;][et_pb_image src=\u00a0\u00bbhttps:\/\/dse-emballage.fr\/wp-content\/uploads\/2023\/03\/dem_dempack_h25-3-1580203411.jpg\u00a0\u00bb _builder_version=\u00a0\u00bb4.3.4&Prime;][\/et_pb_image][et_pb_button button_url=\u00a0\u00bb@ET-DC@eyJkeW5hbWljIjp0cnVlLCJjb250ZW50IjoicG9zdF9saW5rX3VybF9wYWdlIiwic2V0dGluZ3MiOnsicG9zdF9pZCI6IjYzIn19@\u00a0\u00bb button_text=\u00a0\u00bbDemander un devis\u00a0\u00bb _builder_version=\u00a0\u00bb4.3.4&Prime; _dynamic_attributes=\u00a0\u00bbbutton_url\u00a0\u00bb custom_button=\u00a0\u00bbon\u00a0\u00bb button_text_size=\u00a0\u00bb15px\u00a0\u00bb button_text_color=\u00a0\u00bb#ffffff\u00a0\u00bb hover_enabled=\u00a0\u00bb0&Prime; button_bg_color=\u00a0\u00bb#f25b3a\u00a0\u00bb button_bg_enable_color=\u00a0\u00bbon\u00a0\u00bb][\/et_pb_button][\/et_pb_column][et_pb_column type=\u00a0\u00bb3_5&Prime; _builder_version=\u00a0\u00bb4.3.4&Prime;][et_pb_text _builder_version=\u00a0\u00bb4.3.4&Prime;]<\/p>\n<h3><strong>Filmeuse \u00e0 cloche<\/strong><\/h3>\n<p>Id\u00e9ale pour emballer les\u00a0petites productions sous film r\u00e9tractable, en combinant l&rsquo;op\u00e9ration de soudure en \u00ab\u00a0L\u00a0\u00bb et de r\u00e9traction du film autour des produits.<\/p>\n<p>Positionnement du produit, d\u00e9roulage du film et abaissement du couvercle par l&rsquo;op\u00e9rateur. En fin d&rsquo;op\u00e9ration, la cloche s&rsquo;ouvre automatiquement permettant de reprendre le produit film\u00e9.<\/p>\n<p><u>CARACTERISTIQUES TECHNIQUES<\/u> :<\/p>\n<div id=\"texte_caracteristiques\" class=\"wow bounceInUp\">\n<p>&#8211; Syst\u00e8me de soudure et thermo r\u00e9traction en une seule op\u00e9ration<br \/> &#8211; 10 modes de fonctionnement programmables en s\u00e9rie (soudure seule, soudure + r\u00e9traction, soudure + refroidissement + r\u00e9traction)<br \/> &#8211; Lame de soudure avec rev\u00eatement en t\u00e9flon<br \/> &#8211; Refroidissement des barres de soudure par liquide permanent \u00e0 circuit ferm\u00e9 (uniquement sur certains mod\u00e8les)<br \/> &#8211; R\u00e9glage de la hauteur du plan de travail<br \/> &#8211; Electroaimant maintenant la cloche ferm\u00e9e pendant la soudure<br \/> &#8211; Panneau de contr\u00f4le alphanum\u00e9rique LCD avec une carte \u00e0 microprocesseur permettant un contr\u00f4le des op\u00e9rations courantes :<br \/> * Etat de la machine<br \/> * R\u00e9glage \u00e9lectronique de la temp\u00e9rature de soudure<br \/> * R\u00e9glage du temps de r\u00e9traction<br \/> * R\u00e9glage de la temp\u00e9rature de la chambre de r\u00e9traction<br \/> * Affichage des d\u00e9fauts<br \/> * D\u00e9lai d&rsquo;ouverture de la cloche<br \/> &#8211; Machine sur ch\u00e2ssis roulettes<br \/> &#8211; Panneau \u00e9lectrique \u00e0 ouverture frontale pour faciliter la maintenance<\/p>\n<p><u>LES + DU PRODUIT<\/u> :<br \/> &#8211; Con\u00e7ue pour l&#8217;emballage des produits les plus divers<\/p>\n<\/div>\n<p>[\/et_pb_text][\/et_pb_column][\/et_pb_row][et_pb_row _builder_version=\u00a0\u00bb4.3.4&Prime;][et_pb_column type=\u00a0\u00bb4_4&Prime; _builder_version=\u00a0\u00bb4.3.4&Prime;][et_pb_divider _builder_version=\u00a0\u00bb4.3.4&Prime;][\/et_pb_divider][\/et_pb_column][\/et_pb_row][\/et_pb_section]<\/p>\n","protected":false},"excerpt":{"rendered":"<p>[et_pb_section fb_built=\u00a0\u00bb1&Prime; _builder_version=\u00a0\u00bb4.3.4&Prime;][et_pb_row _builder_version=\u00a0\u00bb4.3.4&Prime;][et_pb_column type=\u00a0\u00bb4_4&Prime; _builder_version=\u00a0\u00bb4.3.4&Prime;][et_pb_text _builder_version=\u00a0\u00bb4.3.4&Prime; header_text_color=\u00a0\u00bb#ffffff\u00a0\u00bb background_color=\u00a0\u00bb#000000&Prime; custom_padding=\u00a0\u00bb8px|||10px|false|false\u00a0\u00bb hover_enabled=\u00a0\u00bb0&Prime;] MISE SOUS FILM \/ FILMEUSES [\/et_pb_text][\/et_pb_column][\/et_pb_row][et_pb_row column_structure=\u00a0\u00bb2_5,3_5&Prime; _builder_version=\u00a0\u00bb4.3.4&Prime; custom_padding=\u00a0\u00bb||27px|||\u00a0\u00bb][et_pb_column type=\u00a0\u00bb2_5&Prime; _builder_version=\u00a0\u00bb4.3.4&Prime;][et_pb_image src=\u00a0\u00bbhttps:\/\/dse-emballage.fr\/wp-content\/uploads\/2023\/03\/22-1603968906.jpg\u00a0\u00bb _builder_version=\u00a0\u00bb4.3.4&Prime; custom_margin=\u00a0\u00bb||1px|||\u00a0\u00bb custom_padding=\u00a0\u00bb||84px|||\u00a0\u00bb][\/et_pb_image][et_pb_button button_url=\u00a0\u00bb@ET-DC@eyJkeW5hbWljIjp0cnVlLCJjb250ZW50IjoicG9zdF9saW5rX3VybF9wYWdlIiwic2V0dGluZ3MiOnsicG9zdF9pZCI6IjYzIn19@\u00a0\u00bb button_text=\u00a0\u00bbDemander un devis\u00a0\u00bb _builder_version=\u00a0\u00bb4.3.4&Prime; _dynamic_attributes=\u00a0\u00bbbutton_url\u00a0\u00bb custom_button=\u00a0\u00bbon\u00a0\u00bb button_text_size=\u00a0\u00bb15px\u00a0\u00bb button_text_color=\u00a0\u00bb#ffffff\u00a0\u00bb hover_enabled=\u00a0\u00bb0&Prime; button_bg_color=\u00a0\u00bb#f25b3a\u00a0\u00bb button_bg_enable_color=\u00a0\u00bbon\u00a0\u00bb][\/et_pb_button][\/et_pb_column][et_pb_column type=\u00a0\u00bb3_5&Prime; _builder_version=\u00a0\u00bb4.3.4&Prime;][et_pb_text _builder_version=\u00a0\u00bb4.3.4&Prime;] Filmeuse semi-automatique DEM 4e Filmeuse compacte semi-automatique avec tunnel int\u00e9gr\u00e9 permettant d&#8217;emballer tous types [&hellip;]<\/p>\n","protected":false},"author":1,"featured_media":0,"parent":0,"menu_order":0,"comment_status":"closed","ping_status":"closed","template":"","meta":{"_et_pb_use_builder":"on","_et_pb_old_content":"","_et_gb_content_width":"","footnotes":""},"_links":{"self":[{"href":"https:\/\/dse-emballage.fr\/index.php?rest_route=\/wp\/v2\/pages\/359"}],"collection":[{"href":"https:\/\/dse-emballage.fr\/index.php?rest_route=\/wp\/v2\/pages"}],"about":[{"href":"https:\/\/dse-emballage.fr\/index.php?rest_route=\/wp\/v2\/types\/page"}],"author":[{"embeddable":true,"href":"https:\/\/dse-emballage.fr\/index.php?rest_route=\/wp\/v2\/users\/1"}],"replies":[{"embeddable":true,"href":"https:\/\/dse-emballage.fr\/index.php?rest_route=%2Fwp%2Fv2%2Fcomments&post=359"}],"version-history":[{"count":21,"href":"https:\/\/dse-emballage.fr\/index.php?rest_route=\/wp\/v2\/pages\/359\/revisions"}],"predecessor-version":[{"id":552,"href":"https:\/\/dse-emballage.fr\/index.php?rest_route=\/wp\/v2\/pages\/359\/revisions\/552"}],"wp:attachment":[{"href":"https:\/\/dse-emballage.fr\/index.php?rest_route=%2Fwp%2Fv2%2Fmedia&parent=359"}],"curies":[{"name":"wp","href":"https:\/\/api.w.org\/{rel}","templated":true}]}}