{"id":318,"date":"2023-02-20T16:21:13","date_gmt":"2023-02-20T16:21:13","guid":{"rendered":"https:\/\/dse-emballage.fr\/?page_id=318"},"modified":"2023-10-09T16:23:22","modified_gmt":"2023-10-09T16:23:22","slug":"cercleuses","status":"publish","type":"page","link":"https:\/\/dse-emballage.fr\/?page_id=318","title":{"rendered":"CERCLEUSES"},"content":{"rendered":"<p>[et_pb_section fb_built=\u00a0\u00bb1&Prime; _builder_version=\u00a0\u00bb4.3.4&Prime;][et_pb_row _builder_version=\u00a0\u00bb4.3.4&Prime;][et_pb_column type=\u00a0\u00bb4_4&Prime; _builder_version=\u00a0\u00bb4.3.4&Prime;][et_pb_text _builder_version=\u00a0\u00bb4.3.4&Prime; header_text_color=\u00a0\u00bb#ffffff\u00a0\u00bb background_color=\u00a0\u00bb#000000&Prime; custom_padding=\u00a0\u00bb9px|||10px|false|false\u00a0\u00bb]<\/p>\n<h1><strong>CERCLEUSES<\/strong><\/h1>\n<p>[\/et_pb_text][\/et_pb_column][\/et_pb_row][et_pb_row column_structure=\u00a0\u00bb2_5,3_5&Prime; _builder_version=\u00a0\u00bb4.3.4&Prime;][et_pb_column type=\u00a0\u00bb2_5&Prime; _builder_version=\u00a0\u00bb4.3.4&Prime;][et_pb_image src=\u00a0\u00bbhttps:\/\/dse-emballage.fr\/wp-content\/uploads\/2023\/02\/ORT260-AVANT.jpg\u00a0\u00bb _builder_version=\u00a0\u00bb4.3.4&Prime; hover_enabled=\u00a0\u00bb0&Prime;][\/et_pb_image][et_pb_button button_url=\u00a0\u00bb@ET-DC@eyJkeW5hbWljIjp0cnVlLCJjb250ZW50IjoicG9zdF9saW5rX3VybF9wYWdlIiwic2V0dGluZ3MiOnsicG9zdF9pZCI6IjYzIn19@\u00a0\u00bb button_text=\u00a0\u00bbDemander un devis\u00a0\u00bb _builder_version=\u00a0\u00bb4.3.4&Prime; _dynamic_attributes=\u00a0\u00bbbutton_url\u00a0\u00bb custom_button=\u00a0\u00bbon\u00a0\u00bb button_text_size=\u00a0\u00bb15px\u00a0\u00bb button_text_color=\u00a0\u00bb#ffffff\u00a0\u00bb button_bg_color=\u00a0\u00bb#f25b3a\u00a0\u00bb][\/et_pb_button][\/et_pb_column][et_pb_column type=\u00a0\u00bb3_5&Prime; _builder_version=\u00a0\u00bb4.3.4&Prime;][et_pb_text _builder_version=\u00a0\u00bb4.3.4&Prime;]<\/p>\n<h3><strong>Cercleuse sur batterie OR-T 260<\/strong><\/h3>\n<p>Cercleuse \u00e0 batterie pour le cerclage de feuillard plastique. Permet le cerclage vertical ou horizontal de colis de toute forme et toute taille.<\/p>\n<p><span style=\"text-decoration: underline;\">CARACTERISTIQUES TECHNIQUES<\/span> :<br \/>\n&#8211; Force de tension r\u00e9glable de 0 \u00e0 4000 N (selon mod\u00e8le)<br \/>\n&#8211; Soudure par friction sans chappe<br \/>\n&#8211; Tension, soudure, et coupe automatique ou semi-automatique en appuyant sur une seule touche<br \/>\n&#8211; Moteur Brushless et batterie Bosch derni\u00e8re g\u00e9n\u00e9ration<br \/>\n&#8211; Poids avec accu de 3,8 Kg<br \/>\n&#8211; Temps de charge 15-30 min<br \/>\n&#8211; Pour feuillard PET ou PP de 12 \u00e0 16 mm et \u00e9p. de 0,5 \u00e0 1,0 mm<\/p>\n<p><span style=\"text-decoration: underline;\">LES + PRODUITS<\/span> :<br \/>\n&#8211; R\u00e9duit au minimum les op\u00e9rations de l\u2019utilisateur<br \/>\n&#8211; Parfaitement \u00e9quilibr\u00e9<br \/>\n&#8211; Ultra robuste<br \/>\n&#8211; Grande autonomie gr\u00e2ce \u00e0 sa batterie de derni\u00e8re g\u00e9n\u00e9ration au Li-Ion[\/et_pb_text][\/et_pb_column][\/et_pb_row][et_pb_row _builder_version=\u00a0\u00bb4.3.4&Prime;][et_pb_column type=\u00a0\u00bb4_4&Prime; _builder_version=\u00a0\u00bb4.3.4&Prime;][et_pb_divider _builder_version=\u00a0\u00bb4.3.4&Prime;][\/et_pb_divider][\/et_pb_column][\/et_pb_row][et_pb_row column_structure=\u00a0\u00bb2_5,3_5&Prime; _builder_version=\u00a0\u00bb4.3.4&Prime;][et_pb_column type=\u00a0\u00bb2_5&Prime; _builder_version=\u00a0\u00bb4.3.4&Prime;][et_pb_image src=\u00a0\u00bbhttps:\/\/dse-emballage.fr\/wp-content\/uploads\/2023\/03\/cercleuse-a-friction-gamme-pz-300&#215;270.png\u00a0\u00bb _builder_version=\u00a0\u00bb4.3.4&Prime;][\/et_pb_image][et_pb_button button_url=\u00a0\u00bb@ET-DC@eyJkeW5hbWljIjp0cnVlLCJjb250ZW50IjoicG9zdF9saW5rX3VybF9wYWdlIiwic2V0dGluZ3MiOnsicG9zdF9pZCI6IjYzIn19@\u00a0\u00bb button_text=\u00a0\u00bbDemander un devis\u00a0\u00bb _builder_version=\u00a0\u00bb4.3.4&Prime; _dynamic_attributes=\u00a0\u00bbbutton_url\u00a0\u00bb custom_button=\u00a0\u00bbon\u00a0\u00bb button_text_size=\u00a0\u00bb15px\u00a0\u00bb button_text_color=\u00a0\u00bb#ffffff\u00a0\u00bb button_bg_color=\u00a0\u00bb#f25b3a\u00a0\u00bb][\/et_pb_button][\/et_pb_column][et_pb_column type=\u00a0\u00bb3_5&Prime; _builder_version=\u00a0\u00bb4.3.4&Prime;][et_pb_text _builder_version=\u00a0\u00bb4.3.4&Prime;]<\/p>\n<h3><strong>Cercleuse Zapak PZ 916 portable avec batterie<\/strong><\/h3>\n<p>Id\u00e9ale pour cercler avec du\u00a0feuillard PP et PET\u00a0avec un largeur de\u00a012 ou 16 mm.\u00a0L&rsquo;appareil est facile \u00e0 r\u00e9gler et \u00e0 utiliser d&rsquo;une seule main, avec possibilit\u00e9 d&rsquo;utilisation \u00e0 plat, verticale\u00a0ou horizontale.<\/p>\n<p><span style=\"text-decoration: underline;\">CARACTERISTIQUES TECHNIQUES<\/span> :<br \/>\n&#8211; Soudure par thermo-friction<br \/>\n&#8211; Moteur brushless et accu Bosch \u00e9cologique derni\u00e8re g\u00e9n\u00e9ration<br \/>\n&#8211; Combin\u00e9 ergonomique et maniable<br \/>\n&#8211; Insertion des 2 feuillards ensemble pour plus de facilit\u00e9<br \/>\n&#8211; R\u00e9glage du temps de soudure<br \/>\n&#8211; R\u00e9glage de la tension de serrage<br \/>\n&#8211; Capot de protection du panneau de contr\u00f4le<br \/>\n&#8211; Appareil conforme aux normes CE en vigueur et directives ROHS<\/p>\n<p><span style=\"text-decoration: underline;\">\u00a0LES + PRODUITS<\/span> :<br \/>\n&#8211; R\u00e9duit au minimum les op\u00e9rations de l\u2019utilisateur<br \/>\n&#8211; Parfaitement \u00e9quilibr\u00e9<br \/>\n&#8211; Ultra robuste<br \/>\n&#8211; Grande autonomie gr\u00e2ce \u00e0 sa batterie de derni\u00e8re g\u00e9n\u00e9ration au Li-Ion[\/et_pb_text][\/et_pb_column][\/et_pb_row][et_pb_row _builder_version=\u00a0\u00bb4.3.4&Prime;][et_pb_column type=\u00a0\u00bb4_4&Prime; _builder_version=\u00a0\u00bb4.3.4&Prime;][et_pb_divider _builder_version=\u00a0\u00bb4.3.4&Prime;][\/et_pb_divider][\/et_pb_column][\/et_pb_row][et_pb_row column_structure=\u00a0\u00bb2_5,3_5&Prime; _builder_version=\u00a0\u00bb4.3.4&Prime;][et_pb_column type=\u00a0\u00bb2_5&Prime; _builder_version=\u00a0\u00bb4.3.4&Prime;][et_pb_image src=\u00a0\u00bbhttps:\/\/dse-emballage.fr\/wp-content\/uploads\/2020\/02\/cercleuse.jpg\u00a0\u00bb _builder_version=\u00a0\u00bb4.3.4&Prime; custom_margin=\u00a0\u00bb|0px||||\u00a0\u00bb custom_padding=\u00a0\u00bb|0px|10px|||\u00a0\u00bb][\/et_pb_image][et_pb_button button_url=\u00a0\u00bb@ET-DC@eyJkeW5hbWljIjp0cnVlLCJjb250ZW50IjoicG9zdF9saW5rX3VybF9wYWdlIiwic2V0dGluZ3MiOnsicG9zdF9pZCI6IjYzIn19@\u00a0\u00bb button_text=\u00a0\u00bbDemander un devis\u00a0\u00bb _builder_version=\u00a0\u00bb4.3.4&Prime; _dynamic_attributes=\u00a0\u00bbbutton_url\u00a0\u00bb custom_button=\u00a0\u00bbon\u00a0\u00bb button_text_size=\u00a0\u00bb15px\u00a0\u00bb button_text_color=\u00a0\u00bb#ffffff\u00a0\u00bb button_bg_color=\u00a0\u00bb#f25b3a\u00a0\u00bb][\/et_pb_button][\/et_pb_column][et_pb_column type=\u00a0\u00bb3_5&Prime; _builder_version=\u00a0\u00bb4.3.4&Prime;][et_pb_text _builder_version=\u00a0\u00bb4.3.4&Prime; custom_margin=\u00a0\u00bb|||-3px||\u00a0\u00bb]<\/p>\n<h3><strong>TP6000 automatique<\/strong><\/h3>\n<p><span style=\"text-decoration: underline;\">CARACTERISTIQUES TECHNIQUES<\/span> :<br \/>\n&#8211; Largeur du feuillard : 8 mm ou 12 mm (\u00e0 pr\u00e9ciser \u00e0 la commande)<br \/>\n&#8211; Force de tension : 10 kg- 70 kg<br \/>\n&#8211; Puissance \u00e9lectrique : 220V<br \/>\n&#8211; Arche standard : 850 (L) x 600 (H) mm<br \/>\n&#8211; Autres arches possibles : de 650 \u00e0 1650 (L) mm x de 400 \u00e0 1200 (H) mm<br \/>\n&#8211; Hauteur de la table : 810 mm<br \/>\n&#8211; Nombre de cerclage \/ min : de 20 \u00e0 30 cerclages<br \/>\n&#8211; R\u00e9glage de la tension : m\u00e9canique<br \/>\n&#8211; Encombrement arche std : 1430 (L) x 1540 (H) x 620 (l) mm<br \/>\n&#8211; Poids : 228 Kg<\/p>\n<p><span style=\"text-decoration: underline;\">LES + PRODUITS<\/span> :<br \/>\n&#8211; Soudure et coupe automatique<br \/>\n&#8211; Cerclage de colis de toutes formes[\/et_pb_text][\/et_pb_column][\/et_pb_row][et_pb_row _builder_version=\u00a0\u00bb4.3.4&Prime;][et_pb_column type=\u00a0\u00bb4_4&Prime; _builder_version=\u00a0\u00bb4.3.4&Prime;][et_pb_divider _builder_version=\u00a0\u00bb4.3.4&Prime;][\/et_pb_divider][\/et_pb_column][\/et_pb_row][et_pb_row column_structure=\u00a0\u00bb2_5,3_5&Prime; _builder_version=\u00a0\u00bb4.3.4&Prime;][et_pb_column type=\u00a0\u00bb2_5&Prime; _builder_version=\u00a0\u00bb4.3.4&Prime;][et_pb_image src=\u00a0\u00bbhttps:\/\/dse-emballage.fr\/wp-content\/uploads\/2020\/02\/Table-\u00e0-cercler-300&#215;263.jpg\u00a0\u00bb _builder_version=\u00a0\u00bb4.3.4&Prime;][\/et_pb_image][et_pb_button button_url=\u00a0\u00bb@ET-DC@eyJkeW5hbWljIjp0cnVlLCJjb250ZW50IjoicG9zdF9saW5rX3VybF9wYWdlIiwic2V0dGluZ3MiOnsicG9zdF9pZCI6IjYzIn19@\u00a0\u00bb button_text=\u00a0\u00bbDemander un devis\u00a0\u00bb _builder_version=\u00a0\u00bb4.3.4&Prime; _dynamic_attributes=\u00a0\u00bbbutton_url\u00a0\u00bb custom_button=\u00a0\u00bbon\u00a0\u00bb button_text_size=\u00a0\u00bb15px\u00a0\u00bb button_text_color=\u00a0\u00bb#ffffff\u00a0\u00bb button_bg_color=\u00a0\u00bb#f25b3a\u00a0\u00bb][\/et_pb_button][\/et_pb_column][et_pb_column type=\u00a0\u00bb3_5&Prime; _builder_version=\u00a0\u00bb4.3.4&Prime;][et_pb_text _builder_version=\u00a0\u00bb4.3.4&Prime;]<\/p>\n<h3><strong>Cercleuse de table TP201<\/strong><\/h3>\n<p>&#8211; Dimensions minimum du colis : min 30 mm de haut &#8211; 100 mm de large<br \/>\n&#8211; Hauteur de la table : min. 780 mm \/ max. 950 mm<br \/>\n&#8211; Feuillard : de 5 \u00e0 13 mm de largeur (\u00e0 pr\u00e9ciser \u00e0 la commande)<br \/>\n&#8211; Tension de cerclage : de 8 \u00e0 45 kg<br \/>\n&#8211; Tension de cerclage \u00e9lectronique<br \/>\n&#8211; Hauteur de travail r\u00e9glable<br \/>\n&#8211; Poids : 70 Kg<br \/>\n&#8211; Alimentation \u00e9lectrique : 230 V \/ 50 Hz<\/p>\n<p><strong><span style=\"text-decoration: underline;\">LES + PRODUITS<\/span> :<\/strong><br \/>\n&#8211; Silencieuse<br \/>\n&#8211; Plus confortable pour les op\u00e9rateurs[\/et_pb_text][\/et_pb_column][\/et_pb_row][et_pb_row _builder_version=\u00a0\u00bb4.3.4&Prime;][et_pb_column type=\u00a0\u00bb4_4&Prime; _builder_version=\u00a0\u00bb4.3.4&Prime;][et_pb_divider _builder_version=\u00a0\u00bb4.3.4&Prime;][\/et_pb_divider][\/et_pb_column][\/et_pb_row][\/et_pb_section]<\/p>\n","protected":false},"excerpt":{"rendered":"<p>[et_pb_section fb_built=\u00a0\u00bb1&Prime; _builder_version=\u00a0\u00bb4.3.4&Prime;][et_pb_row _builder_version=\u00a0\u00bb4.3.4&Prime;][et_pb_column type=\u00a0\u00bb4_4&Prime; _builder_version=\u00a0\u00bb4.3.4&Prime;][et_pb_text _builder_version=\u00a0\u00bb4.3.4&Prime; header_text_color=\u00a0\u00bb#ffffff\u00a0\u00bb background_color=\u00a0\u00bb#000000&Prime; custom_padding=\u00a0\u00bb9px|||10px|false|false\u00a0\u00bb] CERCLEUSES [\/et_pb_text][\/et_pb_column][\/et_pb_row][et_pb_row column_structure=\u00a0\u00bb2_5,3_5&Prime; _builder_version=\u00a0\u00bb4.3.4&Prime;][et_pb_column type=\u00a0\u00bb2_5&Prime; _builder_version=\u00a0\u00bb4.3.4&Prime;][et_pb_image src=\u00a0\u00bbhttps:\/\/dse-emballage.fr\/wp-content\/uploads\/2023\/02\/ORT260-AVANT.jpg\u00a0\u00bb _builder_version=\u00a0\u00bb4.3.4&Prime; hover_enabled=\u00a0\u00bb0&Prime;][\/et_pb_image][et_pb_button button_url=\u00a0\u00bb@ET-DC@eyJkeW5hbWljIjp0cnVlLCJjb250ZW50IjoicG9zdF9saW5rX3VybF9wYWdlIiwic2V0dGluZ3MiOnsicG9zdF9pZCI6IjYzIn19@\u00a0\u00bb button_text=\u00a0\u00bbDemander un devis\u00a0\u00bb _builder_version=\u00a0\u00bb4.3.4&Prime; _dynamic_attributes=\u00a0\u00bbbutton_url\u00a0\u00bb custom_button=\u00a0\u00bbon\u00a0\u00bb button_text_size=\u00a0\u00bb15px\u00a0\u00bb button_text_color=\u00a0\u00bb#ffffff\u00a0\u00bb button_bg_color=\u00a0\u00bb#f25b3a\u00a0\u00bb][\/et_pb_button][\/et_pb_column][et_pb_column type=\u00a0\u00bb3_5&Prime; _builder_version=\u00a0\u00bb4.3.4&Prime;][et_pb_text _builder_version=\u00a0\u00bb4.3.4&Prime;] Cercleuse sur batterie OR-T 260 Cercleuse \u00e0 batterie pour le cerclage de feuillard plastique. Permet le cerclage vertical ou horizontal de colis de [&hellip;]<\/p>\n","protected":false},"author":1,"featured_media":0,"parent":0,"menu_order":0,"comment_status":"closed","ping_status":"closed","template":"","meta":{"_et_pb_use_builder":"on","_et_pb_old_content":"","_et_gb_content_width":"","footnotes":""},"_links":{"self":[{"href":"https:\/\/dse-emballage.fr\/index.php?rest_route=\/wp\/v2\/pages\/318"}],"collection":[{"href":"https:\/\/dse-emballage.fr\/index.php?rest_route=\/wp\/v2\/pages"}],"about":[{"href":"https:\/\/dse-emballage.fr\/index.php?rest_route=\/wp\/v2\/types\/page"}],"author":[{"embeddable":true,"href":"https:\/\/dse-emballage.fr\/index.php?rest_route=\/wp\/v2\/users\/1"}],"replies":[{"embeddable":true,"href":"https:\/\/dse-emballage.fr\/index.php?rest_route=%2Fwp%2Fv2%2Fcomments&post=318"}],"version-history":[{"count":24,"href":"https:\/\/dse-emballage.fr\/index.php?rest_route=\/wp\/v2\/pages\/318\/revisions"}],"predecessor-version":[{"id":565,"href":"https:\/\/dse-emballage.fr\/index.php?rest_route=\/wp\/v2\/pages\/318\/revisions\/565"}],"wp:attachment":[{"href":"https:\/\/dse-emballage.fr\/index.php?rest_route=%2Fwp%2Fv2%2Fmedia&parent=318"}],"curies":[{"name":"wp","href":"https:\/\/api.w.org\/{rel}","templated":true}]}}