{"id":305,"date":"2023-02-16T15:53:10","date_gmt":"2023-02-16T15:53:10","guid":{"rendered":"https:\/\/dse-emballage.fr\/?page_id=305"},"modified":"2023-10-09T13:14:36","modified_gmt":"2023-10-09T13:14:36","slug":"filmeuse-banderoleuse","status":"publish","type":"page","link":"https:\/\/dse-emballage.fr\/?page_id=305","title":{"rendered":"BANDEROLEUSE \/ FILMEUSE"},"content":{"rendered":"<p>[et_pb_section fb_built=\u00a0\u00bb1&Prime; _builder_version=\u00a0\u00bb4.3.4&Prime;][et_pb_row _builder_version=\u00a0\u00bb4.3.4&Prime;][et_pb_column type=\u00a0\u00bb4_4&Prime; _builder_version=\u00a0\u00bb4.3.4&Prime; hover_enabled=\u00a0\u00bb0&Prime;][et_pb_text _builder_version=\u00a0\u00bb4.3.4&Prime; text_text_color=\u00a0\u00bb#ffffff\u00a0\u00bb header_text_align=\u00a0\u00bbleft\u00a0\u00bb header_text_color=\u00a0\u00bb#ffffff\u00a0\u00bb background_color=\u00a0\u00bb#000000&Prime; custom_margin=\u00a0\u00bb0px||||false|false\u00a0\u00bb custom_padding=\u00a0\u00bb8px||0px|10px|false|false\u00a0\u00bb hover_enabled=\u00a0\u00bb0&Prime;]<\/p>\n<h1><span style=\"color: #ffffff;\"><strong>BANDEROLEUSES \/ FILMEUSES<\/strong><\/span><\/h1>\n<p>[\/et_pb_text][\/et_pb_column][\/et_pb_row][et_pb_row column_structure=\u00a0\u00bb2_5,3_5&Prime; make_equal=\u00a0\u00bbon\u00a0\u00bb _builder_version=\u00a0\u00bb4.3.4&Prime; min_height=\u00a0\u00bb100px\u00a0\u00bb height=\u00a0\u00bb1000px\u00a0\u00bb max_height=\u00a0\u00bb550px\u00a0\u00bb custom_padding=\u00a0\u00bb||0px|||\u00a0\u00bb][et_pb_column type=\u00a0\u00bb2_5&Prime; _builder_version=\u00a0\u00bb4.3.4&Prime;][et_pb_image src=\u00a0\u00bbhttps:\/\/dse-emballage.fr\/wp-content\/uploads\/2023\/02\/ecowrap-plus-xl_generale.png\u00a0\u00bb _builder_version=\u00a0\u00bb4.3.4&Prime;][\/et_pb_image][et_pb_button button_url=\u00a0\u00bb@ET-DC@eyJkeW5hbWljIjp0cnVlLCJjb250ZW50IjoicG9zdF9saW5rX3VybF9wYWdlIiwic2V0dGluZ3MiOnsicG9zdF9pZCI6IjYzIn19@\u00a0\u00bb button_text=\u00a0\u00bbDemander un devis\u00a0\u00bb button_alignment=\u00a0\u00bbleft\u00a0\u00bb _builder_version=\u00a0\u00bb4.3.4&Prime; _dynamic_attributes=\u00a0\u00bbbutton_url\u00a0\u00bb custom_button=\u00a0\u00bbon\u00a0\u00bb button_text_size=\u00a0\u00bb15px\u00a0\u00bb button_text_color=\u00a0\u00bb#ffffff\u00a0\u00bb hover_enabled=\u00a0\u00bb0&Prime; button_icon_color=\u00a0\u00bb#f25b3a\u00a0\u00bb button_bg_color=\u00a0\u00bb#f25b3a\u00a0\u00bb button_bg_enable_color=\u00a0\u00bbon\u00a0\u00bb][\/et_pb_button][et_pb_image _builder_version=\u00a0\u00bb4.3.4&Prime;][\/et_pb_image][\/et_pb_column][et_pb_column type=\u00a0\u00bb3_5&Prime; _builder_version=\u00a0\u00bb4.3.4&Prime;][et_pb_text _builder_version=\u00a0\u00bb4.3.4&Prime; background_color=\u00a0\u00bb#ffffff\u00a0\u00bb height=\u00a0\u00bb550px\u00a0\u00bb max_height=\u00a0\u00bb550px\u00a0\u00bb custom_padding=\u00a0\u00bb||0px|||\u00a0\u00bb]<\/p>\n<h3><strong>Banderoleuse \u00e0 bras tournant ECOWRAP XL<\/strong><\/h3>\n<p>&#8211; Dimensions palette\u00a0: 1200mm x 1200mm Maxi<br \/>&#8211; Hauteur palette\u00a0: 2000mm Maxi<br \/>&#8211; Poids\u00a0Maxi\u00a0: Illimit\u00e9<br \/>&#8211; Chariot\u00a0FRD\u00a0: avec frein m\u00e9canique<br \/>&#8211; Vitesse de rotation du bras\u00a0: 7 \u00e0 11 tr\/min<br \/>&#8211; Vitesse mont\u00e9e\/descente du chariot\u00a0: 2,6 \u00e0 6 m\/min<br \/>&#8211; Alimentation \u00e9lectrique\u00a0: 230V Mono<br \/>&#8211; Productivit\u00e9\u00a0: 30 palettes\/h<\/p>\n<p><span><span style=\"text-decoration: underline;\">Options disponibles<\/span> :<\/span><br \/>&#8211; But\u00e9e frontale et longitudinale<br \/>&#8211; Kit froid n\u00e9gatif<br \/>&#8211; Mandrin porte bobine \u00d850<br \/>&#8211; Pour bobine \u00d850 sans mandrin<br \/>&#8211; Cellule de d\u00e9tection produits noirs<\/p>\n<p><span style=\"text-decoration: underline;\">LES + DU PRODUIT<\/span> :<br \/>&#8211; Alimentation par une simple prise 220V<br \/>&#8211; Solution \u00e9conomique<br \/>&#8211; Installation et mise en service rapide<br \/>&#8211; Particuli\u00e8rement adapt\u00e9 pour les charges instables, fragiles, lourdes<\/p>\n<p>[\/et_pb_text][\/et_pb_column][\/et_pb_row][et_pb_row _builder_version=\u00a0\u00bb4.3.4&Prime;][et_pb_column type=\u00a0\u00bb4_4&Prime; _builder_version=\u00a0\u00bb4.3.4&Prime;][et_pb_divider _builder_version=\u00a0\u00bb4.3.4&Prime; max_height=\u00a0\u00bb443px\u00a0\u00bb][\/et_pb_divider][\/et_pb_column][\/et_pb_row][et_pb_row column_structure=\u00a0\u00bb1_2,1_2&Prime; make_equal=\u00a0\u00bbon\u00a0\u00bb _builder_version=\u00a0\u00bb4.3.4&Prime; min_height=\u00a0\u00bb550px\u00a0\u00bb max_height=\u00a0\u00bb1000px\u00a0\u00bb custom_margin=\u00a0\u00bb-22px|auto||auto||\u00a0\u00bb custom_padding=\u00a0\u00bb||0px|||\u00a0\u00bb][et_pb_column type=\u00a0\u00bb1_2&Prime; _builder_version=\u00a0\u00bb4.3.4&Prime;][et_pb_image src=\u00a0\u00bbhttps:\/\/dse-emballage.fr\/wp-content\/uploads\/2023\/02\/Masterplat-1.jpg\u00a0\u00bb _builder_version=\u00a0\u00bb4.3.4&Prime; width=\u00a0\u00bb100%\u00a0\u00bb max_width=\u00a0\u00bb80%\u00a0\u00bb][\/et_pb_image][et_pb_button button_url=\u00a0\u00bb@ET-DC@eyJkeW5hbWljIjp0cnVlLCJjb250ZW50IjoicG9zdF9saW5rX3VybF9wYWdlIiwic2V0dGluZ3MiOnsicG9zdF9pZCI6IjYzIn19@\u00a0\u00bb button_text=\u00a0\u00bbDemander un devis\u00a0\u00bb button_alignment=\u00a0\u00bbleft\u00a0\u00bb _builder_version=\u00a0\u00bb4.3.4&Prime; _dynamic_attributes=\u00a0\u00bbbutton_url\u00a0\u00bb custom_button=\u00a0\u00bbon\u00a0\u00bb button_text_size=\u00a0\u00bb15px\u00a0\u00bb button_text_color=\u00a0\u00bb#ffffff\u00a0\u00bb hover_enabled=\u00a0\u00bb0&Prime; button_bg_color=\u00a0\u00bb#f25b3a\u00a0\u00bb button_bg_enable_color=\u00a0\u00bbon\u00a0\u00bb][\/et_pb_button][\/et_pb_column][et_pb_column type=\u00a0\u00bb1_2&Prime; _builder_version=\u00a0\u00bb4.3.4&Prime;][et_pb_text _builder_version=\u00a0\u00bb4.3.4&Prime; custom_margin=\u00a0\u00bb|||-112px||\u00a0\u00bb]<\/p>\n<h3><strong>Banderoleuse \u00e0 plateau tournant MASTERPLAT<\/strong><\/h3>\n<p><span>&#8211; Plateau 1650 mm<\/span><br \/><span>&#8211; Poids maxi 2000 kilos<\/span><br \/><span>&#8211; Hauteur utile 2200 mm<\/span><br \/><span>&#8211; Variateur plateau 5 \u00e0 12 trs\/min<\/span><br \/><span>&#8211; Variateur chariot 1,4 \u00e0 4 m\/min<\/span><br \/><span>&#8211; Chariot \u00e0 frein m\u00e9canique ou \u00e0 pr\u00e9-\u00e9tirage motoris\u00e9 fixe (250% en standard)<\/span><br \/><span>&#8211; R\u00e9glages des tours de renfort<\/span><br \/><span>&#8211; Cellule de d\u00e9tection de hauteur<\/span><br \/><span>&#8211; 3 programmes<\/span><br \/><span>&#8211; Capacit\u00e9 de banderolage 25 palettes\/h<\/span><br \/><span>&#8211; Tension d\u2019alimentation 230V 50Hz<\/span><\/p>\n<p><span style=\"text-decoration: underline;\">Options disponibles<\/span> :<br \/>&#8211; Plateau \u00d81800<br \/>&#8211; Port\u00e9e 2500Kg<br \/>&#8211; Rampes de diff\u00e9rentes dimensions<br \/>&#8211; Kit encastrement<br \/>&#8211; Kit r\u00e9hausse<br \/>&#8211; Mandrin porte bobine \u00d850<br \/>&#8211; Kit pour bobine sans mandrin \u00d850 et \u00d876<br \/>&#8211; Kit pour utilisation bobine filet<br \/>&#8211; Cellule de d\u00e9tection pour produits noirs<br \/>&#8211; Kit suppl\u00e9mentaire pr\u00e9-\u00e9tirage (PDS)<br \/>&#8211; M\u00e2t hauteur 2400\/2800\/3100mm<br \/>&#8211; Presseur pneumatique<br \/>&#8211; Renfort de laize inf\u00e9rieur<br \/>&#8211; Kit syst\u00e8me de pesage \/ Imprimante<\/p>\n<p><span style=\"text-decoration: underline;\">LES + DU PRODUIT<\/span> :<br \/>&#8211; Permet une \u00e9conomie significative du film d\u00e9pos\u00e9<br \/>&#8211; Retour sur investissement rapide<\/p>\n<p>[\/et_pb_text][\/et_pb_column][\/et_pb_row][et_pb_row _builder_version=\u00a0\u00bb4.3.4&Prime;][et_pb_column type=\u00a0\u00bb4_4&Prime; _builder_version=\u00a0\u00bb4.3.4&Prime;][et_pb_divider _builder_version=\u00a0\u00bb4.3.4&Prime;][\/et_pb_divider][\/et_pb_column][\/et_pb_row][et_pb_row column_structure=\u00a0\u00bb2_5,3_5&Prime; _builder_version=\u00a0\u00bb4.3.4&Prime; custom_margin=\u00a0\u00bb|411px||auto||\u00a0\u00bb][et_pb_column type=\u00a0\u00bb2_5&Prime; _builder_version=\u00a0\u00bb4.3.4&Prime;][et_pb_image src=\u00a0\u00bbhttps:\/\/dse-emballage.fr\/wp-content\/uploads\/2023\/02\/Robot-S7.png\u00a0\u00bb _builder_version=\u00a0\u00bb4.3.4&Prime;][\/et_pb_image][et_pb_button button_url=\u00a0\u00bb@ET-DC@eyJkeW5hbWljIjp0cnVlLCJjb250ZW50IjoicG9zdF9saW5rX3VybF9wYWdlIiwic2V0dGluZ3MiOnsicG9zdF9pZCI6IjYzIn19@\u00a0\u00bb button_text=\u00a0\u00bbDemander un devis\u00a0\u00bb button_alignment=\u00a0\u00bbleft\u00a0\u00bb _builder_version=\u00a0\u00bb4.3.4&Prime; _dynamic_attributes=\u00a0\u00bbbutton_url\u00a0\u00bb custom_button=\u00a0\u00bbon\u00a0\u00bb button_text_size=\u00a0\u00bb15px\u00a0\u00bb button_text_color=\u00a0\u00bb#ffffff\u00a0\u00bb hover_enabled=\u00a0\u00bb0&Prime; button_bg_color=\u00a0\u00bb#f25b3a\u00a0\u00bb button_bg_enable_color=\u00a0\u00bbon\u00a0\u00bb][\/et_pb_button][\/et_pb_column][et_pb_column type=\u00a0\u00bb3_5&Prime; _builder_version=\u00a0\u00bb4.3.4&Prime;][et_pb_text _builder_version=\u00a0\u00bb4.3.4&Prime;]<\/p>\n<h3><strong>Robot de banderolage S7<\/strong><\/h3>\n<p><em>Enveloppe et stabilise, \u00e0 l&rsquo;aide d&rsquo;un film \u00e9tirable, des charges palettis\u00e9es de toute taille, forme et poids<\/em><\/p>\n<p>&#8211; Type de chariot : FRD, FR, P3GS, PVS<br \/>&#8211; Hauteur maxi 2200 mm<br \/>&#8211; Dimensions maxi bobines 500 x 300 mm<br \/>&#8211; Poids maxi bobine 20 kg<br \/>&#8211; Dimensions mini \u00e0 travailler 600 x 600 mm<br \/>&#8211; Vitesse de rotation 35<span>\u00f780 m\/min<\/span><br \/>&#8211; Vitesse mont\u00e9e-descente 1,5<span>\u00f75 m\/min<\/span><br \/><span>&#8211; Epaisseur du film 7\u00f735 \u00b5m<\/span><br \/>&#8211; Capacit\u00e9 250 palettes \/ batterie<br \/>&#8211; Batteries : Pb\/Acid 90 Ah &#8211; 12V<br \/>&#8211; Puissance 500 W<br \/>&#8211; Alimentation 100-240V<\/p>\n<p><span style=\"text-decoration: underline;\">Options sur demande<\/span> :<br \/>&#8211; Chariot P3GS (0% &#8211; 150% &#8211; 250%)<br \/>&#8211; Batterie au lithium 24V 50Ah<br \/>&#8211; Hauteur maximum de produit \u00e0 2400, 2800 ou 3100 mm<br \/>&#8211; Dispositif de r\u00e9duction de laize variable<br \/>&#8211; Dispositif de coupe automatique du film<br \/>&#8211; Kit porte-bobine avec frein pour film \u00e0 filet<\/p>\n<p><span style=\"text-decoration: underline;\">LES + DU PRODUIT<\/span> :<br \/>&#8211; Performance : meilleure stabilisation de charge et plus faible consommation de film<br \/>&#8211; Utilisabilit\u00e9 : facile \u00e0 utiliser, nouvelle conception du chariot de film<br \/>&#8211; Durabilit\u00e9 : r\u00e9duction de la consommation d&rsquo;\u00e9nergie et de film gr\u00e2ce \u00e0 la batterie Lithium<br \/>&#8211; Efficacit\u00e9 : moteurs brushless et nouveaux chariots<br \/>&#8211; Connectivit\u00e9 : option Syst\u00e8me R-Connect<\/p>\n<p>[\/et_pb_text][\/et_pb_column][\/et_pb_row][et_pb_row _builder_version=\u00a0\u00bb4.3.4&Prime;][et_pb_column type=\u00a0\u00bb4_4&Prime; _builder_version=\u00a0\u00bb4.3.4&Prime;][et_pb_divider _builder_version=\u00a0\u00bb4.3.4&Prime;][\/et_pb_divider][\/et_pb_column][\/et_pb_row][\/et_pb_section]<\/p>\n","protected":false},"excerpt":{"rendered":"<p>[et_pb_section fb_built=\u00a0\u00bb1&Prime; _builder_version=\u00a0\u00bb4.3.4&Prime;][et_pb_row _builder_version=\u00a0\u00bb4.3.4&Prime;][et_pb_column type=\u00a0\u00bb4_4&Prime; _builder_version=\u00a0\u00bb4.3.4&Prime; hover_enabled=\u00a0\u00bb0&Prime;][et_pb_text _builder_version=\u00a0\u00bb4.3.4&Prime; text_text_color=\u00a0\u00bb#ffffff\u00a0\u00bb header_text_align=\u00a0\u00bbleft\u00a0\u00bb header_text_color=\u00a0\u00bb#ffffff\u00a0\u00bb background_color=\u00a0\u00bb#000000&Prime; custom_margin=\u00a0\u00bb0px||||false|false\u00a0\u00bb custom_padding=\u00a0\u00bb8px||0px|10px|false|false\u00a0\u00bb hover_enabled=\u00a0\u00bb0&Prime;] BANDEROLEUSES \/ FILMEUSES [\/et_pb_text][\/et_pb_column][\/et_pb_row][et_pb_row column_structure=\u00a0\u00bb2_5,3_5&Prime; make_equal=\u00a0\u00bbon\u00a0\u00bb _builder_version=\u00a0\u00bb4.3.4&Prime; min_height=\u00a0\u00bb100px\u00a0\u00bb height=\u00a0\u00bb1000px\u00a0\u00bb max_height=\u00a0\u00bb550px\u00a0\u00bb custom_padding=\u00a0\u00bb||0px|||\u00a0\u00bb][et_pb_column type=\u00a0\u00bb2_5&Prime; _builder_version=\u00a0\u00bb4.3.4&Prime;][et_pb_image src=\u00a0\u00bbhttps:\/\/dse-emballage.fr\/wp-content\/uploads\/2023\/02\/ecowrap-plus-xl_generale.png\u00a0\u00bb _builder_version=\u00a0\u00bb4.3.4&Prime;][\/et_pb_image][et_pb_button button_url=\u00a0\u00bb@ET-DC@eyJkeW5hbWljIjp0cnVlLCJjb250ZW50IjoicG9zdF9saW5rX3VybF9wYWdlIiwic2V0dGluZ3MiOnsicG9zdF9pZCI6IjYzIn19@\u00a0\u00bb button_text=\u00a0\u00bbDemander un devis\u00a0\u00bb button_alignment=\u00a0\u00bbleft\u00a0\u00bb _builder_version=\u00a0\u00bb4.3.4&Prime; _dynamic_attributes=\u00a0\u00bbbutton_url\u00a0\u00bb custom_button=\u00a0\u00bbon\u00a0\u00bb button_text_size=\u00a0\u00bb15px\u00a0\u00bb button_text_color=\u00a0\u00bb#ffffff\u00a0\u00bb hover_enabled=\u00a0\u00bb0&Prime; button_icon_color=\u00a0\u00bb#f25b3a\u00a0\u00bb button_bg_color=\u00a0\u00bb#f25b3a\u00a0\u00bb button_bg_enable_color=\u00a0\u00bbon\u00a0\u00bb][\/et_pb_button][et_pb_image _builder_version=\u00a0\u00bb4.3.4&Prime;][\/et_pb_image][\/et_pb_column][et_pb_column type=\u00a0\u00bb3_5&Prime; _builder_version=\u00a0\u00bb4.3.4&Prime;][et_pb_text _builder_version=\u00a0\u00bb4.3.4&Prime; background_color=\u00a0\u00bb#ffffff\u00a0\u00bb height=\u00a0\u00bb550px\u00a0\u00bb max_height=\u00a0\u00bb550px\u00a0\u00bb custom_padding=\u00a0\u00bb||0px|||\u00a0\u00bb] Banderoleuse \u00e0 bras [&hellip;]<\/p>\n","protected":false},"author":1,"featured_media":0,"parent":0,"menu_order":0,"comment_status":"closed","ping_status":"closed","template":"","meta":{"_et_pb_use_builder":"on","_et_pb_old_content":"","_et_gb_content_width":"","footnotes":""},"_links":{"self":[{"href":"https:\/\/dse-emballage.fr\/index.php?rest_route=\/wp\/v2\/pages\/305"}],"collection":[{"href":"https:\/\/dse-emballage.fr\/index.php?rest_route=\/wp\/v2\/pages"}],"about":[{"href":"https:\/\/dse-emballage.fr\/index.php?rest_route=\/wp\/v2\/types\/page"}],"author":[{"embeddable":true,"href":"https:\/\/dse-emballage.fr\/index.php?rest_route=\/wp\/v2\/users\/1"}],"replies":[{"embeddable":true,"href":"https:\/\/dse-emballage.fr\/index.php?rest_route=%2Fwp%2Fv2%2Fcomments&post=305"}],"version-history":[{"count":25,"href":"https:\/\/dse-emballage.fr\/index.php?rest_route=\/wp\/v2\/pages\/305\/revisions"}],"predecessor-version":[{"id":549,"href":"https:\/\/dse-emballage.fr\/index.php?rest_route=\/wp\/v2\/pages\/305\/revisions\/549"}],"wp:attachment":[{"href":"https:\/\/dse-emballage.fr\/index.php?rest_route=%2Fwp%2Fv2%2Fmedia&parent=305"}],"curies":[{"name":"wp","href":"https:\/\/api.w.org\/{rel}","templated":true}]}}